{"id":96,"date":"2013-10-30T12:01:56","date_gmt":"2013-10-30T12:01:56","guid":{"rendered":"https:\/\/sinsep.com.br\/?page_id=96"},"modified":"2013-10-30T12:02:35","modified_gmt":"2013-10-30T12:02:35","slug":"25-anos-de-historia","status":"publish","type":"page","link":"https:\/\/sinsep.com.br\/?page_id=96","title":{"rendered":"25 Anos de Hist\u00f3ria"},"content":{"rendered":"<p style=\"text-align: center;\" align=\"center\"><strong>25 anos de hist\u00f3ria<\/strong><\/p>\n<p style=\"text-align: justify;\">A Constitui\u00e7\u00e3o de 88 foi marcante para as lutas sindicais. At\u00e9 ent\u00e3o, os sindicatos eram atrelados ao governo. S\u00f3 ap\u00f3s esta Constitui\u00e7\u00e3o que os Sindicatos ganharam uma certa autonomia.<br \/>\nCom objetivo de representar o servidor p\u00fablico e lutar em favor da categoria em todas as situa\u00e7\u00f5es relacionadas com o empregador, em outubro de 1992 Francisco Antonio Coser (Presidente) e Antonio Maciel de Oliveira (Vice) aproveitaram a nova Constitui\u00e7\u00e3o e transformaram a ent\u00e3o Assocemm em Sindicato dos Servidores P\u00fablicos Municipais de Mogi Mirim.<br \/>\nDe l\u00e1 para c\u00e1 sua presid\u00eancia contou com nomes marcantes como o do atual Presidente Antonio Maciel de Oliveira, que na \u00e9poca, assumia a segunda legislatura do Sindicato.<br \/>\nA terceira legislatura foi ocupada por Arlete Bentamaro. Ap\u00f3s ela, o ent\u00e3o Presidente eleito Luiz Carlos da Silva renunciou no dia da posse deixando a presid\u00eancia para o Vice Fernando Gabilon. Um ano depois, Gabilon saiu da Prefeitura e, consequentemente, teve que sair do Sindicato.<br \/>\nA Secret\u00e1ria Geral, Sandra Kriveli presidiu ent\u00e3o o Sindicato por seis meses, at\u00e9 que Jos\u00e9 Benedito Toledo, que era presidente do Conselho Fiscal, assumiu a presid\u00eancia.\u00a0 Ele cumpriu o mandato como Presidente interino por volta de dois anos, at\u00e9 as elei\u00e7\u00f5es.<br \/>\nNas elei\u00e7\u00f5es, Antonio Maciel de Oliveira ent\u00e3o se candidatou em 2005 e venceu a concorr\u00eancia com Toledo. Reeleito em 2009, Toninho ter\u00e1 a presid\u00eancia at\u00e9 2013.<\/p>\n<p style=\"text-align: justify;\" align=\"center\"><strong>Transforma\u00e7\u00f5es<\/strong><\/p>\n<p style=\"text-align: justify;\">Em pouco menos de duas d\u00e9cadas, o Sindicato teve significativas transforma\u00e7\u00f5es, como a passagem de Associa\u00e7\u00e3o para uma for\u00e7a sindical e as freq\u00fcentes obras na sede, que traz o nome de seu fundador \u201cFrancisco Antonio Coser\u201d.<br \/>\nOutra transforma\u00e7\u00e3o importante na hist\u00f3ria do Sindicato foi a cria\u00e7\u00e3o da OPS (Organiza\u00e7\u00e3o Pr\u00f3 Servidor), criada com a fun\u00e7\u00e3o de trabalhar em favor da fam\u00edlia do funcion\u00e1rio p\u00fablico, para fortalec\u00ea-la dando suporte ao associado titular, designando condi\u00e7\u00f5es para que eles tenham sa\u00fade e receita extra.<br \/>\nA mais recente transforma\u00e7\u00e3o do Sindicato foi ter adotado a sigla SINSEP, que facilitou a sua pron\u00fancia. Atualmente, o SINSEP conta com aproximadamente de 1500 associados.<\/p>\n<p style=\"text-align: justify;\" align=\"center\"><strong>Comemora\u00e7\u00e3o em grande estilo<\/strong><\/p>\n<p style=\"text-align: justify;\">O SINSEP\/OPS (Sindicato dos Servidores P\u00fablicos Municipais de Mogi Mirim e Organiza\u00e7\u00e3o Pr\u00f3 Servidor) comemorou no dia 28 de outubro de 2010, al\u00e9m do Dia dos Servidores P\u00fablicos, os 25 anos do Sindicato, que come\u00e7ou com a antiga ASSOSEMM.<br \/>\nO marco mereceu uma linda festa oferecida aos associados e seus familiares.<br \/>\nServidos com muito refrigerante, torradinhas com pat\u00ea, cachorro-quente, algod\u00e3o doce e pipoca, os servidores se sentiram \u00e0 vontade para se confraternizar enquanto um play-graud com escorregador pula-pula, cama el\u00e1stica e piscina de bolinha agitava a garotada. E com a colabora\u00e7\u00e3o de empresas conveniadas como: O Botic\u00e1rio, Gallo Pneus, Conex\u00e3o Deal, Infotrans e Drogaria Danielle, os convidados puderam se maquiar, aferir a press\u00e3o, medir a taxa de glicose, consultar a carteiras de habilita\u00e7\u00e3o, entre outras atividades. Tudo gratuitamente.<br \/>\n\u00c0 noite, a dire\u00e7\u00e3o do SINSEP\/OPS aproveitou a festa para oficializar a inaugura\u00e7\u00e3o das novas salas da sede e relembrar os 25 anos de hist\u00f3ria do Sindicato, homenageando personalidades que fizeram parte dessa hist\u00f3ria.<br \/>\nA homenagem aos Fundadores da ASSOSEMM, organizada pelo Presidente do SINSEP, Antonio Maciel de Oliveira, contou com a participa\u00e7\u00e3o de representantes do Sindicato, do Prefeito Carlos Nelson Bueno, da vice Fl\u00e1via Rossi e de representantes administrativos municipais, entre outras personalidades. Os homenageados da noite foram: L\u00facia Helena Salvatto, Vilma da Silva Costa Lima, Iracema de Jesus Guidini, Fernando C\u00e9sar Gasparini, Glorete Alves da Silva, Marco Antonio Perez do Amaral, Luiz Francisco Brand\u00e3o Neto, Jos\u00e9 Antonio Bazan, Maria Rita Pereira da Cruz, Valter Jos\u00e9 Polettini, Antonio Alcides Filomeno, \u00c2ngelo Barbarini e On\u00e1lia Maria dos Reis Tinini.<br \/>\nFazendo uso da palavra, a ex-presidente L\u00facia, com sua vice Vilma enfatizaram a tamanha felicidade em saber que a semente plantadas por elas h\u00e1 25 anos resultou no excelente fruto que \u00e9 hoje o SINSEP\/OPS.<br \/>\nEmocionado, Toninho agradeceu a presen\u00e7a de todos e, apontando \u00e0 planta baixa das futuras instala\u00e7\u00f5es, ele ressaltou que o SINSEP\/OPS ainda tem muitas metas a serem alcan\u00e7adas. \u201cJ\u00e1 para 2011 prevemos ampliar as especialidades m\u00e9dicas e odontol\u00f3gicas oferecidas gratuitamente na sede, como a contrata\u00e7\u00e3o de um cardiologista, um nutr\u00f3logo e um clinico geral, assim como a contrata\u00e7\u00e3o de mais profissionais odontol\u00f3gicos\u201d, adiantou o Presidente. E tendo em vista a amplia\u00e7\u00e3o do n\u00famero de profissionais na \u00e1rea da sa\u00fade, Toninho tamb\u00e9m observou que ainda ser\u00e3o implantados na sede mais dois gabinetes odontol\u00f3gicos, al\u00e9m da adequa\u00e7\u00e3o da sala dos m\u00e9dicos, tendo em vista a amplia\u00e7\u00e3o do n\u00famero de profissionais.<\/p>\n","protected":false},"excerpt":{"rendered":"<div class=\"mh-excerpt\"><p>25 anos de hist\u00f3ria A Constitui\u00e7\u00e3o de 88 foi marcante para as lutas sindicais. At\u00e9 ent\u00e3o, os sindicatos eram atrelados ao governo. S\u00f3 ap\u00f3s esta Constitui\u00e7\u00e3o que os Sindicatos ganharam <a class=\"mh-excerpt-more\" href=\"https:\/\/sinsep.com.br\/?page_id=96\" title=\"25 Anos de Hist\u00f3ria\">[Leia mais]<\/a><\/p>\n<\/div>","protected":false},"author":1,"featured_media":0,"parent":87,"menu_order":0,"comment_status":"closed","ping_status":"closed","template":"","meta":{"footnotes":""},"class_list":["post-96","page","type-page","status-publish","hentry"],"_links":{"self":[{"href":"https:\/\/sinsep.com.br\/index.php?rest_route=\/wp\/v2\/pages\/96","targetHints":{"allow":["GET"]}}],"collection":[{"href":"https:\/\/sinsep.com.br\/index.php?rest_route=\/wp\/v2\/pages"}],"about":[{"href":"https:\/\/sinsep.com.br\/index.php?rest_route=\/wp\/v2\/types\/page"}],"author":[{"embeddable":true,"href":"https:\/\/sinsep.com.br\/index.php?rest_route=\/wp\/v2\/users\/1"}],"replies":[{"embeddable":true,"href":"https:\/\/sinsep.com.br\/index.php?rest_route=%2Fwp%2Fv2%2Fcomments&post=96"}],"version-history":[{"count":2,"href":"https:\/\/sinsep.com.br\/index.php?rest_route=\/wp\/v2\/pages\/96\/revisions"}],"predecessor-version":[{"id":98,"href":"https:\/\/sinsep.com.br\/index.php?rest_route=\/wp\/v2\/pages\/96\/revisions\/98"}],"up":[{"embeddable":true,"href":"https:\/\/sinsep.com.br\/index.php?rest_route=\/wp\/v2\/pages\/87"}],"wp:attachment":[{"href":"https:\/\/sinsep.com.br\/index.php?rest_route=%2Fwp%2Fv2%2Fmedia&parent=96"}],"curies":[{"name":"wp","href":"https:\/\/api.w.org\/{rel}","templated":true}]}}